{"id":153,"date":"2025-06-18T10:20:38","date_gmt":"2025-06-18T10:20:38","guid":{"rendered":"https:\/\/aoliveirense.pt\/?page_id=153"},"modified":"2025-06-18T10:26:43","modified_gmt":"2025-06-18T10:26:43","slug":"documentos-oficiais","status":"publish","type":"page","link":"https:\/\/aoliveirense.pt\/?page_id=153","title":{"rendered":"Documentos Oficiais"},"content":{"rendered":"\n<p><a href=\"https:\/\/aoliveirense.pt\/wp-content\/uploads\/2025\/06\/Orcamento-2022.pdf\" data-type=\"attachment\" data-id=\"154\" target=\"_blank\" rel=\"noreferrer noopener\">Or\u00e7amento 2022<\/a><\/p>\n\n\n\n<p><a href=\"https:\/\/aoliveirense.pt\/wp-content\/uploads\/2025\/06\/Relatorio-2022.pdf\" target=\"_blank\" data-type=\"attachment\" data-id=\"159\">Relat\u00f3rio Contas 2022<\/a><\/p>\n\n\n\n<p><a href=\"https:\/\/aoliveirense.pt\/wp-content\/uploads\/2025\/06\/Orcamento-2023-Asmo.pdf\" target=\"_blank\" data-type=\"attachment\" data-id=\"157\">Or\u00e7amento 2023<\/a><\/p>\n\n\n\n<p><a href=\"https:\/\/aoliveirense.pt\/wp-content\/uploads\/2025\/06\/Relatorio-e-Contas-de-2023.pdf\" target=\"_blank\" data-type=\"attachment\" data-id=\"160\">Relat\u00f3rio Contas 2023<\/a><\/p>\n\n\n\n<p><a href=\"https:\/\/aoliveirense.pt\/wp-content\/uploads\/2025\/06\/Orcamento-2024.pdf\" target=\"_blank\" data-type=\"attachment\" data-id=\"158\">Or\u00e7amento 2024<\/a><\/p>\n\n\n\n<p><a href=\"https:\/\/aoliveirense.pt\/wp-content\/uploads\/2025\/06\/Relatorio-e-Contas-de-2024.pdf\" target=\"_blank\" data-type=\"attachment\" data-id=\"161\">Relat\u00f3rio Contas 2024<\/a><\/p>\n\n\n\n<p><\/p>\n","protected":false},"excerpt":{"rendered":"<p>Or\u00e7amento 2022 Relat\u00f3rio Contas 2022 Or\u00e7amento 2023 Relat\u00f3rio Contas 2023 Or\u00e7amento 2024 Relat\u00f3rio Contas 2024<\/p>\n","protected":false},"author":1,"featured_media":0,"parent":0,"menu_order":0,"comment_status":"closed","ping_status":"closed","template":"","meta":{"footnotes":""},"class_list":["post-153","page","type-page","status-publish","hentry"],"_links":{"self":[{"href":"https:\/\/aoliveirense.pt\/index.php?rest_route=\/wp\/v2\/pages\/153","targetHints":{"allow":["GET"]}}],"collection":[{"href":"https:\/\/aoliveirense.pt\/index.php?rest_route=\/wp\/v2\/pages"}],"about":[{"href":"https:\/\/aoliveirense.pt\/index.php?rest_route=\/wp\/v2\/types\/page"}],"author":[{"embeddable":true,"href":"https:\/\/aoliveirense.pt\/index.php?rest_route=\/wp\/v2\/users\/1"}],"replies":[{"embeddable":true,"href":"https:\/\/aoliveirense.pt\/index.php?rest_route=%2Fwp%2Fv2%2Fcomments&post=153"}],"version-history":[{"count":4,"href":"https:\/\/aoliveirense.pt\/index.php?rest_route=\/wp\/v2\/pages\/153\/revisions"}],"predecessor-version":[{"id":165,"href":"https:\/\/aoliveirense.pt\/index.php?rest_route=\/wp\/v2\/pages\/153\/revisions\/165"}],"wp:attachment":[{"href":"https:\/\/aoliveirense.pt\/index.php?rest_route=%2Fwp%2Fv2%2Fmedia&parent=153"}],"curies":[{"name":"wp","href":"https:\/\/api.w.org\/{rel}","templated":true}]}}