{"id":57,"date":"2025-02-28T12:29:44","date_gmt":"2025-02-28T12:29:44","guid":{"rendered":"https:\/\/aoliveirense.pt\/new\/?page_id=57"},"modified":"2025-06-18T10:25:42","modified_gmt":"2025-06-18T10:25:42","slug":"documentacao","status":"publish","type":"page","link":"https:\/\/aoliveirense.pt\/?page_id=57","title":{"rendered":"Documenta\u00e7\u00e3o"},"content":{"rendered":"\n<h1 class=\"wp-block-heading has-text-align-center\">Documenta\u00e7\u00e3o<\/h1>\n\n\n\n<div style=\"height:95px\" aria-hidden=\"true\" class=\"wp-block-spacer\"><\/div>\n\n\n\n<div class=\"wp-block-columns is-layout-flex wp-container-core-columns-is-layout-28f84493 wp-block-columns-is-layout-flex\">\n<div class=\"wp-block-column is-layout-flow wp-block-column-is-layout-flow\">\n<figure class=\"wp-block-image size-full is-resized\"><img loading=\"lazy\" decoding=\"async\" width=\"271\" height=\"162\" src=\"https:\/\/aoliveirense.pt\/wp-content\/uploads\/2025\/03\/11.webp\" alt=\"\" class=\"wp-image-77\" style=\"object-fit:cover;width:271px;height:180px\"\/><\/figure>\n\n\n\n<h5 class=\"wp-block-heading has-accent-4-color has-text-color has-link-color wp-elements-5f03bc5673af6602c1dc6c85e2287422\">Associa\u00e7\u00e3o Oliveirense<\/h5>\n\n\n\n<p class=\"has-small-font-size\">Formul\u00e1rios e Regulamentos<\/p>\n<\/div>\n\n\n\n<div class=\"wp-block-column is-layout-flow wp-block-column-is-layout-flow\">\n<figure class=\"wp-block-image size-full is-resized\"><img loading=\"lazy\" decoding=\"async\" width=\"217\" height=\"131\" src=\"https:\/\/aoliveirense.pt\/wp-content\/uploads\/2025\/03\/22.webp\" alt=\"\" class=\"wp-image-78\" style=\"object-fit:cover;width:271px;height:180px\"\/><\/figure>\n\n\n\n<h5 class=\"wp-block-heading has-accent-4-color has-text-color has-link-color wp-elements-819bb9dda2021f675f95da3124ddb3fa\">Creche<\/h5>\n\n\n\n<p class=\"has-small-font-size\">Formul\u00e1rios e Regulamentos<\/p>\n<\/div>\n\n\n\n<div class=\"wp-block-column is-layout-flow wp-block-column-is-layout-flow\">\n<figure class=\"wp-block-image size-full is-resized\"><img loading=\"lazy\" decoding=\"async\" width=\"271\" height=\"162\" src=\"https:\/\/aoliveirense.pt\/wp-content\/uploads\/2025\/03\/33.webp\" alt=\"\" class=\"wp-image-79\" style=\"object-fit:cover;width:271px;height:180px\"\/><\/figure>\n\n\n\n<h5 class=\"wp-block-heading has-accent-4-color has-text-color has-link-color wp-elements-ec9cba2f95944677ef0430195c4f2e7d\">E.R.P.I. (Lar)<\/h5>\n\n\n\n<p class=\"has-small-font-size\">Formul\u00e1rios e Regulamentos <\/p>\n<\/div>\n\n\n\n<div class=\"wp-block-column is-layout-flow wp-block-column-is-layout-flow\">\n<figure class=\"wp-block-image size-full is-resized\"><a href=\"https:\/\/aoliveirense.pt\/?page_id=153\"><img loading=\"lazy\" decoding=\"async\" width=\"271\" height=\"162\" src=\"https:\/\/aoliveirense.pt\/wp-content\/uploads\/2025\/03\/33.webp\" alt=\"\" class=\"wp-image-79\" style=\"object-fit:cover;width:271px;height:180px\"\/><\/a><\/figure>\n\n\n\n<h5 class=\"wp-block-heading has-accent-4-color has-text-color has-link-color wp-elements-71f3cb3808e2d0f56062b71906978ec8\"><a href=\"https:\/\/aoliveirense.pt\/?page_id=153\" data-type=\"page\" data-id=\"153\">Documentos Oficiais<\/a><\/h5>\n\n\n\n<p class=\"has-small-font-size\"><a href=\"https:\/\/aoliveirense.pt\/?page_id=153\" data-type=\"page\" data-id=\"153\">Formul\u00e1rios e Regulamentos<\/a><\/p>\n<\/div>\n<\/div>\n\n\n\n<p><\/p>\n","protected":false},"excerpt":{"rendered":"<p>Documenta\u00e7\u00e3o Associa\u00e7\u00e3o Oliveirense Formul\u00e1rios e Regulamentos Creche Formul\u00e1rios e Regulamentos E.R.P.I. (Lar) Formul\u00e1rios e Regulamentos Documentos Oficiais Formul\u00e1rios e Regulamentos<\/p>\n","protected":false},"author":1,"featured_media":0,"parent":0,"menu_order":0,"comment_status":"closed","ping_status":"closed","template":"page-no-title","meta":{"footnotes":""},"class_list":["post-57","page","type-page","status-publish","hentry"],"_links":{"self":[{"href":"https:\/\/aoliveirense.pt\/index.php?rest_route=\/wp\/v2\/pages\/57","targetHints":{"allow":["GET"]}}],"collection":[{"href":"https:\/\/aoliveirense.pt\/index.php?rest_route=\/wp\/v2\/pages"}],"about":[{"href":"https:\/\/aoliveirense.pt\/index.php?rest_route=\/wp\/v2\/types\/page"}],"author":[{"embeddable":true,"href":"https:\/\/aoliveirense.pt\/index.php?rest_route=\/wp\/v2\/users\/1"}],"replies":[{"embeddable":true,"href":"https:\/\/aoliveirense.pt\/index.php?rest_route=%2Fwp%2Fv2%2Fcomments&post=57"}],"version-history":[{"count":11,"href":"https:\/\/aoliveirense.pt\/index.php?rest_route=\/wp\/v2\/pages\/57\/revisions"}],"predecessor-version":[{"id":164,"href":"https:\/\/aoliveirense.pt\/index.php?rest_route=\/wp\/v2\/pages\/57\/revisions\/164"}],"wp:attachment":[{"href":"https:\/\/aoliveirense.pt\/index.php?rest_route=%2Fwp%2Fv2%2Fmedia&parent=57"}],"curies":[{"name":"wp","href":"https:\/\/api.w.org\/{rel}","templated":true}]}}